{"id":14,"date":"2025-12-05T11:17:17","date_gmt":"2025-12-05T11:17:17","guid":{"rendered":"https:\/\/bolanaredefc.dominioteste.eu\/?page_id=14"},"modified":"2025-12-05T11:24:51","modified_gmt":"2025-12-05T11:24:51","slug":"elementor-14","status":"publish","type":"page","link":"https:\/\/bolanaredefc.dominioteste.eu\/","title":{"rendered":"Elementor #14"},"content":{"rendered":"\t\t<div data-elementor-type=\"wp-post\" data-elementor-id=\"14\" class=\"elementor elementor-14\">\n\t\t\t\t<div class=\"elementor-element elementor-element-06c699f e-flex e-con-boxed e-con e-parent\" data-id=\"06c699f\" data-element_type=\"container\">\n\t\t\t\t\t<div class=\"e-con-inner\">\n\t\t\t\t<div class=\"elementor-element elementor-element-b188601 elementor-widget__width-inherit elementor-widget elementor-widget-image\" data-id=\"b188601\" data-element_type=\"widget\" data-widget_type=\"image.default\">\n\t\t\t\t\t\t\t\t\t\t\t\t\t\t\t<img fetchpriority=\"high\" decoding=\"async\" width=\"710\" height=\"618\" src=\"https:\/\/bolanaredefc.dominioteste.eu\/wp-content\/uploads\/2025\/12\/Captura-de-ecra-2025-12-05-104317-1.png\" class=\"attachment-large size-large wp-image-18\" alt=\"\" srcset=\"https:\/\/bolanaredefc.dominioteste.eu\/wp-content\/uploads\/2025\/12\/Captura-de-ecra-2025-12-05-104317-1.png 710w, https:\/\/bolanaredefc.dominioteste.eu\/wp-content\/uploads\/2025\/12\/Captura-de-ecra-2025-12-05-104317-1-300x261.png 300w\" sizes=\"(max-width: 710px) 100vw, 710px\" \/>\t\t\t\t\t\t\t\t\t\t\t\t\t\t\t<\/div>\n\t\t\t\t<div class=\"elementor-element elementor-element-18c910a elementor-widget elementor-widget-image\" data-id=\"18c910a\" data-element_type=\"widget\" data-widget_type=\"image.default\">\n\t\t\t\t\t\t\t\t\t\t\t\t\t\t\t<img decoding=\"async\" width=\"800\" height=\"386\" src=\"https:\/\/bolanaredefc.dominioteste.eu\/wp-content\/uploads\/2025\/12\/Captura-de-ecra-2025-12-05-105734-1-1024x494.png\" class=\"attachment-large size-large wp-image-20\" alt=\"\" srcset=\"https:\/\/bolanaredefc.dominioteste.eu\/wp-content\/uploads\/2025\/12\/Captura-de-ecra-2025-12-05-105734-1-1024x494.png 1024w, https:\/\/bolanaredefc.dominioteste.eu\/wp-content\/uploads\/2025\/12\/Captura-de-ecra-2025-12-05-105734-1-300x145.png 300w, https:\/\/bolanaredefc.dominioteste.eu\/wp-content\/uploads\/2025\/12\/Captura-de-ecra-2025-12-05-105734-1-768x371.png 768w, https:\/\/bolanaredefc.dominioteste.eu\/wp-content\/uploads\/2025\/12\/Captura-de-ecra-2025-12-05-105734-1.png 1199w\" sizes=\"(max-width: 800px) 100vw, 800px\" \/>\t\t\t\t\t\t\t\t\t\t\t\t\t\t\t<\/div>\n\t\t\t\t<div class=\"elementor-element elementor-element-8cab11f elementor-widget elementor-widget-image\" data-id=\"8cab11f\" data-element_type=\"widget\" data-widget_type=\"image.default\">\n\t\t\t\t\t\t\t\t\t\t\t\t\t\t\t<img decoding=\"async\" width=\"800\" height=\"144\" src=\"https:\/\/bolanaredefc.dominioteste.eu\/wp-content\/uploads\/2025\/12\/Captura-de-ecra-2025-12-05-105930-1024x184.png\" class=\"attachment-large size-large wp-image-21\" alt=\"\" srcset=\"https:\/\/bolanaredefc.dominioteste.eu\/wp-content\/uploads\/2025\/12\/Captura-de-ecra-2025-12-05-105930-1024x184.png 1024w, https:\/\/bolanaredefc.dominioteste.eu\/wp-content\/uploads\/2025\/12\/Captura-de-ecra-2025-12-05-105930-300x54.png 300w, https:\/\/bolanaredefc.dominioteste.eu\/wp-content\/uploads\/2025\/12\/Captura-de-ecra-2025-12-05-105930-768x138.png 768w, https:\/\/bolanaredefc.dominioteste.eu\/wp-content\/uploads\/2025\/12\/Captura-de-ecra-2025-12-05-105930.png 1187w\" sizes=\"(max-width: 800px) 100vw, 800px\" \/>\t\t\t\t\t\t\t\t\t\t\t\t\t\t\t<\/div>\n\t\t\t\t<div class=\"elementor-element elementor-element-3cc1f32 elementor-widget elementor-widget-heading\" data-id=\"3cc1f32\" data-element_type=\"widget\" data-widget_type=\"heading.default\">\n\t\t\t\t\t<h2 class=\"elementor-heading-title elementor-size-default\">Tipo de Conte\u00fado<\/h2>\t\t\t\t<\/div>\n\t\t\t\t\t<\/div>\n\t\t\t\t<\/div>\n\t\t<div class=\"elementor-element elementor-element-cd20216 e-flex e-con-boxed e-con e-parent\" data-id=\"cd20216\" data-element_type=\"container\">\n\t\t\t\t\t<div class=\"e-con-inner\">\n\t\t<div class=\"elementor-element elementor-element-1587dc8 e-con-full e-flex e-con e-child\" data-id=\"1587dc8\" data-element_type=\"container\">\n\t\t\t\t<div class=\"elementor-element elementor-element-0629c48 elementor-widget elementor-widget-image\" data-id=\"0629c48\" data-element_type=\"widget\" data-widget_type=\"image.default\">\n\t\t\t\t\t\t\t\t\t\t\t\t\t\t\t<img loading=\"lazy\" decoding=\"async\" width=\"365\" height=\"253\" src=\"https:\/\/bolanaredefc.dominioteste.eu\/wp-content\/uploads\/2025\/12\/Captura-de-ecra-2025-12-05-110221.png\" class=\"attachment-large size-large wp-image-23\" alt=\"\" srcset=\"https:\/\/bolanaredefc.dominioteste.eu\/wp-content\/uploads\/2025\/12\/Captura-de-ecra-2025-12-05-110221.png 365w, https:\/\/bolanaredefc.dominioteste.eu\/wp-content\/uploads\/2025\/12\/Captura-de-ecra-2025-12-05-110221-300x208.png 300w\" sizes=\"(max-width: 365px) 100vw, 365px\" \/>\t\t\t\t\t\t\t\t\t\t\t\t\t\t\t<\/div>\n\t\t\t\t<\/div>\n\t\t<div class=\"elementor-element elementor-element-4da4fd2 e-con-full e-flex e-con e-child\" data-id=\"4da4fd2\" data-element_type=\"container\">\n\t\t\t\t<div class=\"elementor-element elementor-element-4efb7c9 elementor-widget elementor-widget-image\" data-id=\"4efb7c9\" data-element_type=\"widget\" data-widget_type=\"image.default\">\n\t\t\t\t\t\t\t\t\t\t\t\t\t\t\t<img loading=\"lazy\" decoding=\"async\" width=\"360\" height=\"255\" src=\"https:\/\/bolanaredefc.dominioteste.eu\/wp-content\/uploads\/2025\/12\/Captura-de-ecra-2025-12-05-110600.png\" class=\"attachment-large size-large wp-image-24\" alt=\"\" srcset=\"https:\/\/bolanaredefc.dominioteste.eu\/wp-content\/uploads\/2025\/12\/Captura-de-ecra-2025-12-05-110600.png 360w, https:\/\/bolanaredefc.dominioteste.eu\/wp-content\/uploads\/2025\/12\/Captura-de-ecra-2025-12-05-110600-300x213.png 300w\" sizes=\"(max-width: 360px) 100vw, 360px\" \/>\t\t\t\t\t\t\t\t\t\t\t\t\t\t\t<\/div>\n\t\t\t\t<\/div>\n\t\t<div class=\"elementor-element elementor-element-9c74f58 e-con-full e-flex e-con e-child\" data-id=\"9c74f58\" data-element_type=\"container\">\n\t\t\t\t<div class=\"elementor-element elementor-element-1c17c70 elementor-widget elementor-widget-image\" data-id=\"1c17c70\" data-element_type=\"widget\" data-widget_type=\"image.default\">\n\t\t\t\t\t\t\t\t\t\t\t\t\t\t\t<img loading=\"lazy\" decoding=\"async\" width=\"364\" height=\"256\" src=\"https:\/\/bolanaredefc.dominioteste.eu\/wp-content\/uploads\/2025\/12\/Captura-de-ecra-2025-12-05-110834.png\" class=\"attachment-large size-large wp-image-25\" alt=\"\" srcset=\"https:\/\/bolanaredefc.dominioteste.eu\/wp-content\/uploads\/2025\/12\/Captura-de-ecra-2025-12-05-110834.png 364w, https:\/\/bolanaredefc.dominioteste.eu\/wp-content\/uploads\/2025\/12\/Captura-de-ecra-2025-12-05-110834-300x211.png 300w\" sizes=\"(max-width: 364px) 100vw, 364px\" \/>\t\t\t\t\t\t\t\t\t\t\t\t\t\t\t<\/div>\n\t\t\t\t<\/div>\n\t\t<div class=\"elementor-element elementor-element-51e3b10 e-con-full e-flex e-con e-child\" data-id=\"51e3b10\" data-element_type=\"container\">\n\t\t\t\t<div class=\"elementor-element elementor-element-e20998f elementor-widget elementor-widget-image\" data-id=\"e20998f\" data-element_type=\"widget\" data-widget_type=\"image.default\">\n\t\t\t\t\t\t\t\t\t\t\t\t\t\t\t<img loading=\"lazy\" decoding=\"async\" width=\"356\" height=\"253\" src=\"https:\/\/bolanaredefc.dominioteste.eu\/wp-content\/uploads\/2025\/12\/Captura-de-ecra-2025-12-05-110857.png\" class=\"attachment-large size-large wp-image-26\" alt=\"\" srcset=\"https:\/\/bolanaredefc.dominioteste.eu\/wp-content\/uploads\/2025\/12\/Captura-de-ecra-2025-12-05-110857.png 356w, https:\/\/bolanaredefc.dominioteste.eu\/wp-content\/uploads\/2025\/12\/Captura-de-ecra-2025-12-05-110857-300x213.png 300w\" sizes=\"(max-width: 356px) 100vw, 356px\" \/>\t\t\t\t\t\t\t\t\t\t\t\t\t\t\t<\/div>\n\t\t\t\t<\/div>\n\t\t<div class=\"elementor-element elementor-element-b4f7e8f e-con-full e-flex e-con e-child\" data-id=\"b4f7e8f\" data-element_type=\"container\">\n\t\t\t\t<div class=\"elementor-element elementor-element-d7affed elementor-widget elementor-widget-image\" data-id=\"d7affed\" data-element_type=\"widget\" data-widget_type=\"image.default\">\n\t\t\t\t\t\t\t\t\t\t\t\t\t\t\t<img loading=\"lazy\" decoding=\"async\" width=\"362\" height=\"253\" src=\"https:\/\/bolanaredefc.dominioteste.eu\/wp-content\/uploads\/2025\/12\/Captura-de-ecra-2025-12-05-110913.png\" class=\"attachment-large size-large wp-image-27\" alt=\"\" srcset=\"https:\/\/bolanaredefc.dominioteste.eu\/wp-content\/uploads\/2025\/12\/Captura-de-ecra-2025-12-05-110913.png 362w, https:\/\/bolanaredefc.dominioteste.eu\/wp-content\/uploads\/2025\/12\/Captura-de-ecra-2025-12-05-110913-300x210.png 300w\" sizes=\"(max-width: 362px) 100vw, 362px\" \/>\t\t\t\t\t\t\t\t\t\t\t\t\t\t\t<\/div>\n\t\t\t\t<\/div>\n\t\t<div class=\"elementor-element elementor-element-953218e e-con-full e-flex e-con e-child\" data-id=\"953218e\" data-element_type=\"container\">\n\t\t\t\t<div class=\"elementor-element elementor-element-a0739c4 elementor-widget elementor-widget-image\" data-id=\"a0739c4\" data-element_type=\"widget\" data-widget_type=\"image.default\">\n\t\t\t\t\t\t\t\t\t\t\t\t\t\t\t<img loading=\"lazy\" decoding=\"async\" width=\"345\" height=\"254\" src=\"https:\/\/bolanaredefc.dominioteste.eu\/wp-content\/uploads\/2025\/12\/Captura-de-ecra-2025-12-05-110936.png\" class=\"attachment-large size-large wp-image-28\" alt=\"\" srcset=\"https:\/\/bolanaredefc.dominioteste.eu\/wp-content\/uploads\/2025\/12\/Captura-de-ecra-2025-12-05-110936.png 345w, https:\/\/bolanaredefc.dominioteste.eu\/wp-content\/uploads\/2025\/12\/Captura-de-ecra-2025-12-05-110936-300x221.png 300w\" sizes=\"(max-width: 345px) 100vw, 345px\" \/>\t\t\t\t\t\t\t\t\t\t\t\t\t\t\t<\/div>\n\t\t\t\t<\/div>\n\t\t<div class=\"elementor-element elementor-element-a19e01b e-con-full e-flex e-con e-child\" data-id=\"a19e01b\" data-element_type=\"container\">\n\t\t\t\t<div class=\"elementor-element elementor-element-b32f2eb elementor-widget elementor-widget-image\" data-id=\"b32f2eb\" data-element_type=\"widget\" data-widget_type=\"image.default\">\n\t\t\t\t\t\t\t\t\t\t\t\t\t\t\t<img loading=\"lazy\" decoding=\"async\" width=\"344\" height=\"244\" src=\"https:\/\/bolanaredefc.dominioteste.eu\/wp-content\/uploads\/2025\/12\/Captura-de-ecra-2025-12-05-110959.png\" class=\"attachment-large size-large wp-image-29\" alt=\"\" srcset=\"https:\/\/bolanaredefc.dominioteste.eu\/wp-content\/uploads\/2025\/12\/Captura-de-ecra-2025-12-05-110959.png 344w, https:\/\/bolanaredefc.dominioteste.eu\/wp-content\/uploads\/2025\/12\/Captura-de-ecra-2025-12-05-110959-300x213.png 300w\" sizes=\"(max-width: 344px) 100vw, 344px\" \/>\t\t\t\t\t\t\t\t\t\t\t\t\t\t\t<\/div>\n\t\t\t\t<\/div>\n\t\t<div class=\"elementor-element elementor-element-3987747 e-con-full e-flex e-con e-child\" data-id=\"3987747\" data-element_type=\"container\">\n\t\t\t\t<div class=\"elementor-element elementor-element-07b3bae elementor-widget elementor-widget-image\" data-id=\"07b3bae\" data-element_type=\"widget\" data-widget_type=\"image.default\">\n\t\t\t\t\t\t\t\t\t\t\t\t\t\t\t<img loading=\"lazy\" decoding=\"async\" width=\"348\" height=\"246\" src=\"https:\/\/bolanaredefc.dominioteste.eu\/wp-content\/uploads\/2025\/12\/Captura-de-ecra-2025-12-05-111014.png\" class=\"attachment-large size-large wp-image-30\" alt=\"\" srcset=\"https:\/\/bolanaredefc.dominioteste.eu\/wp-content\/uploads\/2025\/12\/Captura-de-ecra-2025-12-05-111014.png 348w, https:\/\/bolanaredefc.dominioteste.eu\/wp-content\/uploads\/2025\/12\/Captura-de-ecra-2025-12-05-111014-300x212.png 300w\" sizes=\"(max-width: 348px) 100vw, 348px\" \/>\t\t\t\t\t\t\t\t\t\t\t\t\t\t\t<\/div>\n\t\t\t\t<\/div>\n\t\t<div class=\"elementor-element elementor-element-1c8a847 e-con-full e-flex e-con e-child\" data-id=\"1c8a847\" data-element_type=\"container\">\n\t\t\t\t<div class=\"elementor-element elementor-element-4ef3060 elementor-widget elementor-widget-image\" data-id=\"4ef3060\" data-element_type=\"widget\" data-widget_type=\"image.default\">\n\t\t\t\t\t\t\t\t\t\t\t\t\t\t\t<img loading=\"lazy\" decoding=\"async\" width=\"346\" height=\"242\" src=\"https:\/\/bolanaredefc.dominioteste.eu\/wp-content\/uploads\/2025\/12\/Captura-de-ecra-2025-12-05-111024.png\" class=\"attachment-large size-large wp-image-31\" alt=\"\" srcset=\"https:\/\/bolanaredefc.dominioteste.eu\/wp-content\/uploads\/2025\/12\/Captura-de-ecra-2025-12-05-111024.png 346w, https:\/\/bolanaredefc.dominioteste.eu\/wp-content\/uploads\/2025\/12\/Captura-de-ecra-2025-12-05-111024-300x210.png 300w\" sizes=\"(max-width: 346px) 100vw, 346px\" \/>\t\t\t\t\t\t\t\t\t\t\t\t\t\t\t<\/div>\n\t\t\t\t<\/div>\n\t\t<div class=\"elementor-element elementor-element-e5f2b41 e-con-full e-flex e-con e-child\" data-id=\"e5f2b41\" data-element_type=\"container\">\n\t\t\t\t<div class=\"elementor-element elementor-element-35c2982 elementor-widget elementor-widget-image\" data-id=\"35c2982\" data-element_type=\"widget\" data-widget_type=\"image.default\">\n\t\t\t\t\t\t\t\t\t\t\t\t\t\t\t<img loading=\"lazy\" decoding=\"async\" width=\"350\" height=\"229\" src=\"https:\/\/bolanaredefc.dominioteste.eu\/wp-content\/uploads\/2025\/12\/Captura-de-ecra-2025-12-05-111035.png\" class=\"attachment-large size-large wp-image-32\" alt=\"\" srcset=\"https:\/\/bolanaredefc.dominioteste.eu\/wp-content\/uploads\/2025\/12\/Captura-de-ecra-2025-12-05-111035.png 350w, https:\/\/bolanaredefc.dominioteste.eu\/wp-content\/uploads\/2025\/12\/Captura-de-ecra-2025-12-05-111035-300x196.png 300w\" sizes=\"(max-width: 350px) 100vw, 350px\" \/>\t\t\t\t\t\t\t\t\t\t\t\t\t\t\t<\/div>\n\t\t\t\t<\/div>\n\t\t\t\t<div class=\"elementor-element elementor-element-64052b6 elementor-widget elementor-widget-image\" data-id=\"64052b6\" data-element_type=\"widget\" data-widget_type=\"image.default\">\n\t\t\t\t\t\t\t\t\t\t\t\t\t\t\t<img loading=\"lazy\" decoding=\"async\" width=\"800\" height=\"440\" src=\"https:\/\/bolanaredefc.dominioteste.eu\/wp-content\/uploads\/2025\/12\/Captura-de-ecra-2025-12-05-111239-1024x563.png\" class=\"attachment-large size-large wp-image-33\" alt=\"\" srcset=\"https:\/\/bolanaredefc.dominioteste.eu\/wp-content\/uploads\/2025\/12\/Captura-de-ecra-2025-12-05-111239-1024x563.png 1024w, https:\/\/bolanaredefc.dominioteste.eu\/wp-content\/uploads\/2025\/12\/Captura-de-ecra-2025-12-05-111239-300x165.png 300w, https:\/\/bolanaredefc.dominioteste.eu\/wp-content\/uploads\/2025\/12\/Captura-de-ecra-2025-12-05-111239-768x422.png 768w, https:\/\/bolanaredefc.dominioteste.eu\/wp-content\/uploads\/2025\/12\/Captura-de-ecra-2025-12-05-111239.png 1124w\" sizes=\"(max-width: 800px) 100vw, 800px\" \/>\t\t\t\t\t\t\t\t\t\t\t\t\t\t\t<\/div>\n\t\t\t\t<div class=\"elementor-element elementor-element-43a8e9c elementor-widget elementor-widget-image\" data-id=\"43a8e9c\" data-element_type=\"widget\" data-widget_type=\"image.default\">\n\t\t\t\t\t\t\t\t\t\t\t\t\t\t\t<img loading=\"lazy\" decoding=\"async\" width=\"800\" height=\"282\" src=\"https:\/\/bolanaredefc.dominioteste.eu\/wp-content\/uploads\/2025\/12\/Captura-de-ecra-2025-12-05-111302-1024x361.png\" class=\"attachment-large size-large wp-image-34\" alt=\"\" srcset=\"https:\/\/bolanaredefc.dominioteste.eu\/wp-content\/uploads\/2025\/12\/Captura-de-ecra-2025-12-05-111302-1024x361.png 1024w, https:\/\/bolanaredefc.dominioteste.eu\/wp-content\/uploads\/2025\/12\/Captura-de-ecra-2025-12-05-111302-300x106.png 300w, https:\/\/bolanaredefc.dominioteste.eu\/wp-content\/uploads\/2025\/12\/Captura-de-ecra-2025-12-05-111302-768x270.png 768w, https:\/\/bolanaredefc.dominioteste.eu\/wp-content\/uploads\/2025\/12\/Captura-de-ecra-2025-12-05-111302.png 1167w\" sizes=\"(max-width: 800px) 100vw, 800px\" \/>\t\t\t\t\t\t\t\t\t\t\t\t\t\t\t<\/div>\n\t\t\t\t<div class=\"elementor-element elementor-element-c9af426 elementor-widget elementor-widget-image\" data-id=\"c9af426\" data-element_type=\"widget\" data-widget_type=\"image.default\">\n\t\t\t\t\t\t\t\t\t\t\t\t\t\t\t<img loading=\"lazy\" decoding=\"async\" width=\"800\" height=\"421\" src=\"https:\/\/bolanaredefc.dominioteste.eu\/wp-content\/uploads\/2025\/12\/Captura-de-ecra-2025-12-05-111341-1024x539.png\" class=\"attachment-large size-large wp-image-35\" alt=\"\" srcset=\"https:\/\/bolanaredefc.dominioteste.eu\/wp-content\/uploads\/2025\/12\/Captura-de-ecra-2025-12-05-111341-1024x539.png 1024w, https:\/\/bolanaredefc.dominioteste.eu\/wp-content\/uploads\/2025\/12\/Captura-de-ecra-2025-12-05-111341-300x158.png 300w, https:\/\/bolanaredefc.dominioteste.eu\/wp-content\/uploads\/2025\/12\/Captura-de-ecra-2025-12-05-111341-768x404.png 768w, https:\/\/bolanaredefc.dominioteste.eu\/wp-content\/uploads\/2025\/12\/Captura-de-ecra-2025-12-05-111341.png 1155w\" sizes=\"(max-width: 800px) 100vw, 800px\" \/>\t\t\t\t\t\t\t\t\t\t\t\t\t\t\t<\/div>\n\t\t\t\t<div class=\"elementor-element elementor-element-15a4914 elementor-widget elementor-widget-image\" data-id=\"15a4914\" data-element_type=\"widget\" data-widget_type=\"image.default\">\n\t\t\t\t\t\t\t\t\t\t\t\t\t\t\t<img loading=\"lazy\" decoding=\"async\" width=\"800\" height=\"248\" src=\"https:\/\/bolanaredefc.dominioteste.eu\/wp-content\/uploads\/2025\/12\/Captura-de-ecra-2025-12-05-111612-1024x318.png\" class=\"attachment-large size-large wp-image-36\" alt=\"\" srcset=\"https:\/\/bolanaredefc.dominioteste.eu\/wp-content\/uploads\/2025\/12\/Captura-de-ecra-2025-12-05-111612-1024x318.png 1024w, https:\/\/bolanaredefc.dominioteste.eu\/wp-content\/uploads\/2025\/12\/Captura-de-ecra-2025-12-05-111612-300x93.png 300w, https:\/\/bolanaredefc.dominioteste.eu\/wp-content\/uploads\/2025\/12\/Captura-de-ecra-2025-12-05-111612-768x239.png 768w, https:\/\/bolanaredefc.dominioteste.eu\/wp-content\/uploads\/2025\/12\/Captura-de-ecra-2025-12-05-111612.png 1162w\" sizes=\"(max-width: 800px) 100vw, 800px\" \/>\t\t\t\t\t\t\t\t\t\t\t\t\t\t\t<\/div>\n\t\t\t\t\t<\/div>\n\t\t\t\t<\/div>\n\t\t<div class=\"elementor-element elementor-element-92060d7 e-flex e-con-boxed e-con e-parent\" data-id=\"92060d7\" data-element_type=\"container\">\n\t\t\t\t\t<div class=\"e-con-inner\">\n\t\t\t\t<div class=\"elementor-element elementor-element-5ad6fda elementor-widget elementor-widget-heading\" data-id=\"5ad6fda\" data-element_type=\"widget\" data-widget_type=\"heading.default\">\n\t\t\t\t\t<h2 class=\"elementor-heading-title elementor-size-default\">T\u00e1ticas e Forma\u00e7\u00f5es<\/h2>\t\t\t\t<\/div>\n\t\t\t\t<div class=\"elementor-element elementor-element-2fb2ee0 elementor-widget elementor-widget-image\" data-id=\"2fb2ee0\" data-element_type=\"widget\" data-widget_type=\"image.default\">\n\t\t\t\t\t\t\t\t\t\t\t\t\t\t\t<img loading=\"lazy\" decoding=\"async\" width=\"800\" height=\"400\" src=\"https:\/\/bolanaredefc.dominioteste.eu\/wp-content\/uploads\/2025\/12\/Captura-de-ecra-2025-12-05-112303-1024x512.png\" class=\"attachment-large size-large wp-image-37\" alt=\"\" srcset=\"https:\/\/bolanaredefc.dominioteste.eu\/wp-content\/uploads\/2025\/12\/Captura-de-ecra-2025-12-05-112303-1024x512.png 1024w, https:\/\/bolanaredefc.dominioteste.eu\/wp-content\/uploads\/2025\/12\/Captura-de-ecra-2025-12-05-112303-300x150.png 300w, https:\/\/bolanaredefc.dominioteste.eu\/wp-content\/uploads\/2025\/12\/Captura-de-ecra-2025-12-05-112303-768x384.png 768w, https:\/\/bolanaredefc.dominioteste.eu\/wp-content\/uploads\/2025\/12\/Captura-de-ecra-2025-12-05-112303.png 1165w\" sizes=\"(max-width: 800px) 100vw, 800px\" \/>\t\t\t\t\t\t\t\t\t\t\t\t\t\t\t<\/div>\n\t\t\t\t<div class=\"elementor-element elementor-element-9411f2b elementor-widget elementor-widget-image\" data-id=\"9411f2b\" data-element_type=\"widget\" data-widget_type=\"image.default\">\n\t\t\t\t\t\t\t\t\t\t\t\t\t\t\t<img loading=\"lazy\" decoding=\"async\" width=\"800\" height=\"209\" src=\"https:\/\/bolanaredefc.dominioteste.eu\/wp-content\/uploads\/2025\/12\/Captura-de-ecra-2025-12-05-112323-1024x267.png\" class=\"attachment-large size-large wp-image-38\" alt=\"\" srcset=\"https:\/\/bolanaredefc.dominioteste.eu\/wp-content\/uploads\/2025\/12\/Captura-de-ecra-2025-12-05-112323-1024x267.png 1024w, https:\/\/bolanaredefc.dominioteste.eu\/wp-content\/uploads\/2025\/12\/Captura-de-ecra-2025-12-05-112323-300x78.png 300w, https:\/\/bolanaredefc.dominioteste.eu\/wp-content\/uploads\/2025\/12\/Captura-de-ecra-2025-12-05-112323-768x200.png 768w, https:\/\/bolanaredefc.dominioteste.eu\/wp-content\/uploads\/2025\/12\/Captura-de-ecra-2025-12-05-112323.png 1169w\" sizes=\"(max-width: 800px) 100vw, 800px\" \/>\t\t\t\t\t\t\t\t\t\t\t\t\t\t\t<\/div>\n\t\t\t\t<div class=\"elementor-element elementor-element-1419a42 elementor-widget elementor-widget-image\" data-id=\"1419a42\" data-element_type=\"widget\" data-widget_type=\"image.default\">\n\t\t\t\t\t\t\t\t\t\t\t\t\t\t\t<img loading=\"lazy\" decoding=\"async\" width=\"800\" height=\"311\" src=\"https:\/\/bolanaredefc.dominioteste.eu\/wp-content\/uploads\/2025\/12\/Captura-de-ecra-2025-12-05-112333-1024x398.png\" class=\"attachment-large size-large wp-image-39\" alt=\"\" srcset=\"https:\/\/bolanaredefc.dominioteste.eu\/wp-content\/uploads\/2025\/12\/Captura-de-ecra-2025-12-05-112333-1024x398.png 1024w, https:\/\/bolanaredefc.dominioteste.eu\/wp-content\/uploads\/2025\/12\/Captura-de-ecra-2025-12-05-112333-300x117.png 300w, https:\/\/bolanaredefc.dominioteste.eu\/wp-content\/uploads\/2025\/12\/Captura-de-ecra-2025-12-05-112333-768x299.png 768w, https:\/\/bolanaredefc.dominioteste.eu\/wp-content\/uploads\/2025\/12\/Captura-de-ecra-2025-12-05-112333.png 1162w\" sizes=\"(max-width: 800px) 100vw, 800px\" \/>\t\t\t\t\t\t\t\t\t\t\t\t\t\t\t<\/div>\n\t\t\t\t<div class=\"elementor-element elementor-element-e94a44e elementor-widget elementor-widget-image\" data-id=\"e94a44e\" data-element_type=\"widget\" data-widget_type=\"image.default\">\n\t\t\t\t\t\t\t\t\t\t\t\t\t\t\t<img loading=\"lazy\" decoding=\"async\" width=\"800\" height=\"286\" src=\"https:\/\/bolanaredefc.dominioteste.eu\/wp-content\/uploads\/2025\/12\/Captura-de-ecra-2025-12-05-112350-1024x366.png\" class=\"attachment-large size-large wp-image-40\" alt=\"\" srcset=\"https:\/\/bolanaredefc.dominioteste.eu\/wp-content\/uploads\/2025\/12\/Captura-de-ecra-2025-12-05-112350-1024x366.png 1024w, https:\/\/bolanaredefc.dominioteste.eu\/wp-content\/uploads\/2025\/12\/Captura-de-ecra-2025-12-05-112350-300x107.png 300w, https:\/\/bolanaredefc.dominioteste.eu\/wp-content\/uploads\/2025\/12\/Captura-de-ecra-2025-12-05-112350-768x275.png 768w, https:\/\/bolanaredefc.dominioteste.eu\/wp-content\/uploads\/2025\/12\/Captura-de-ecra-2025-12-05-112350.png 1161w\" sizes=\"(max-width: 800px) 100vw, 800px\" \/>\t\t\t\t\t\t\t\t\t\t\t\t\t\t\t<\/div>\n\t\t\t\t<div class=\"elementor-element elementor-element-540387d elementor-widget elementor-widget-image\" data-id=\"540387d\" data-element_type=\"widget\" data-widget_type=\"image.default\">\n\t\t\t\t\t\t\t\t\t\t\t\t\t\t\t<img loading=\"lazy\" decoding=\"async\" width=\"800\" height=\"323\" src=\"https:\/\/bolanaredefc.dominioteste.eu\/wp-content\/uploads\/2025\/12\/Captura-de-ecra-2025-12-05-112425.png\" class=\"attachment-large size-large wp-image-42\" alt=\"\" srcset=\"https:\/\/bolanaredefc.dominioteste.eu\/wp-content\/uploads\/2025\/12\/Captura-de-ecra-2025-12-05-112425.png 847w, https:\/\/bolanaredefc.dominioteste.eu\/wp-content\/uploads\/2025\/12\/Captura-de-ecra-2025-12-05-112425-300x121.png 300w, https:\/\/bolanaredefc.dominioteste.eu\/wp-content\/uploads\/2025\/12\/Captura-de-ecra-2025-12-05-112425-768x310.png 768w\" sizes=\"(max-width: 800px) 100vw, 800px\" \/>\t\t\t\t\t\t\t\t\t\t\t\t\t\t\t<\/div>\n\t\t\t\t\t<\/div>\n\t\t\t\t<\/div>\n\t\t\t\t<\/div>\n\t\t","protected":false},"excerpt":{"rendered":"<p>Tipo de Conte\u00fado T\u00e1ticas e Forma\u00e7\u00f5es<\/p>\n","protected":false},"author":1,"featured_media":0,"parent":0,"menu_order":0,"comment_status":"closed","ping_status":"closed","template":"","meta":{"footnotes":""},"class_list":["post-14","page","type-page","status-publish","hentry"],"_links":{"self":[{"href":"https:\/\/bolanaredefc.dominioteste.eu\/index.php\/wp-json\/wp\/v2\/pages\/14","targetHints":{"allow":["GET"]}}],"collection":[{"href":"https:\/\/bolanaredefc.dominioteste.eu\/index.php\/wp-json\/wp\/v2\/pages"}],"about":[{"href":"https:\/\/bolanaredefc.dominioteste.eu\/index.php\/wp-json\/wp\/v2\/types\/page"}],"author":[{"embeddable":true,"href":"https:\/\/bolanaredefc.dominioteste.eu\/index.php\/wp-json\/wp\/v2\/users\/1"}],"replies":[{"embeddable":true,"href":"https:\/\/bolanaredefc.dominioteste.eu\/index.php\/wp-json\/wp\/v2\/comments?post=14"}],"version-history":[{"count":4,"href":"https:\/\/bolanaredefc.dominioteste.eu\/index.php\/wp-json\/wp\/v2\/pages\/14\/revisions"}],"predecessor-version":[{"id":45,"href":"https:\/\/bolanaredefc.dominioteste.eu\/index.php\/wp-json\/wp\/v2\/pages\/14\/revisions\/45"}],"wp:attachment":[{"href":"https:\/\/bolanaredefc.dominioteste.eu\/index.php\/wp-json\/wp\/v2\/media?parent=14"}],"curies":[{"name":"wp","href":"https:\/\/api.w.org\/{rel}","templated":true}]}}